{"id":617,"date":"2021-09-07T12:59:33","date_gmt":"2021-09-07T10:59:33","guid":{"rendered":"https:\/\/pmplus.lv\/?page_id=617"},"modified":"2021-09-07T16:47:56","modified_gmt":"2021-09-07T14:47:56","slug":"rekviziti","status":"publish","type":"page","link":"https:\/\/pmplus.lv\/ru\/kontakti\/rekviziti\/","title":{"rendered":"\u0420\u0435\u043a\u0432\u0438\u0437\u0438\u0442\u044b"},"content":{"rendered":"<div data-elementor-type=\"wp-page\" data-elementor-id=\"617\" class=\"elementor elementor-617\" data-elementor-post-type=\"page\">\n\t\t\t\t\t\t<section class=\"elementor-section elementor-top-section elementor-element elementor-element-39b750a elementor-section-boxed elementor-section-height-default elementor-section-height-default\" data-id=\"39b750a\" data-element_type=\"section\" data-e-type=\"section\" data-settings=\"{&quot;background_background&quot;:&quot;classic&quot;}\">\n\t\t\t\t\t\t\t<div class=\"elementor-background-overlay\"><\/div>\n\t\t\t\t\t\t\t<div class=\"elementor-container elementor-column-gap-default\">\n\t\t\t\t\t<div class=\"elementor-column elementor-col-100 elementor-top-column elementor-element elementor-element-1e713e2\" data-id=\"1e713e2\" data-element_type=\"column\" data-e-type=\"column\" data-settings=\"{&quot;background_background&quot;:&quot;classic&quot;}\">\n\t\t\t<div class=\"elementor-widget-wrap elementor-element-populated\">\n\t\t\t\t\t\t<div class=\"elementor-element elementor-element-84ae0f4 elementor-widget elementor-widget-heading\" data-id=\"84ae0f4\" data-element_type=\"widget\" data-e-type=\"widget\" data-widget_type=\"heading.default\">\n\t\t\t\t<div class=\"elementor-widget-container\">\n\t\t\t\t\t<h1 class=\"elementor-heading-title elementor-size-default\">\u0420\u0435\u043a\u0432\u0438\u0437\u0438\u0442\u044b<\/h1>\t\t\t\t<\/div>\n\t\t\t\t<\/div>\n\t\t\t\t\t<\/div>\n\t\t<\/div>\n\t\t\t\t\t<\/div>\n\t\t<\/section>\n\t\t\t\t<section class=\"elementor-section elementor-top-section elementor-element elementor-element-8b52642 elementor-section-full_width elementor-section-height-default elementor-section-height-default\" data-id=\"8b52642\" data-element_type=\"section\" data-e-type=\"section\">\n\t\t\t\t\t\t<div class=\"elementor-container elementor-column-gap-no\">\n\t\t\t\t\t<div class=\"elementor-column elementor-col-100 elementor-top-column elementor-element elementor-element-1ac577a\" data-id=\"1ac577a\" data-element_type=\"column\" data-e-type=\"column\">\n\t\t\t<div class=\"elementor-widget-wrap elementor-element-populated\">\n\t\t\t\t\t\t<div class=\"elementor-element elementor-element-3911b15 elementor-widget elementor-widget-spacer\" data-id=\"3911b15\" data-element_type=\"widget\" data-e-type=\"widget\" data-widget_type=\"spacer.default\">\n\t\t\t\t<div class=\"elementor-widget-container\">\n\t\t\t\t\t\t\t<div class=\"elementor-spacer\">\n\t\t\t<div class=\"elementor-spacer-inner\"><\/div>\n\t\t<\/div>\n\t\t\t\t\t\t<\/div>\n\t\t\t\t<\/div>\n\t\t\t\t\t<\/div>\n\t\t<\/div>\n\t\t\t\t\t<\/div>\n\t\t<\/section>\n\t\t\t\t<section class=\"elementor-section elementor-top-section elementor-element elementor-element-141685d elementor-section-boxed elementor-section-height-default elementor-section-height-default\" data-id=\"141685d\" data-element_type=\"section\" data-e-type=\"section\">\n\t\t\t\t\t\t\t<div class=\"elementor-background-overlay\"><\/div>\n\t\t\t\t\t\t\t<div class=\"elementor-container elementor-column-gap-no\">\n\t\t\t\t\t<div class=\"elementor-column elementor-col-50 elementor-top-column elementor-element elementor-element-670b7c1\" data-id=\"670b7c1\" data-element_type=\"column\" data-e-type=\"column\">\n\t\t\t<div class=\"elementor-widget-wrap elementor-element-populated\">\n\t\t\t\t\t\t<div class=\"elementor-element elementor-element-19aa80d elementor-widget elementor-widget-image\" data-id=\"19aa80d\" data-element_type=\"widget\" data-e-type=\"widget\" data-widget_type=\"image.default\">\n\t\t\t\t<div class=\"elementor-widget-container\">\n\t\t\t\t\t\t\t\t\t\t\t\t\t\t\t<img fetchpriority=\"high\" decoding=\"async\" width=\"515\" height=\"630\" src=\"https:\/\/pmplus.lv\/wp-content\/uploads\/2021\/09\/projektu-vad.jpg\" class=\"attachment-large size-large wp-image-530\" alt=\"\" srcset=\"https:\/\/pmplus.lv\/wp-content\/uploads\/2021\/09\/projektu-vad.jpg 515w, https:\/\/pmplus.lv\/wp-content\/uploads\/2021\/09\/projektu-vad-245x300.jpg 245w\" sizes=\"(max-width: 515px) 100vw, 515px\" \/>\t\t\t\t\t\t\t\t\t\t\t\t\t\t\t<\/div>\n\t\t\t\t<\/div>\n\t\t\t\t<section class=\"elementor-section elementor-inner-section elementor-element elementor-element-46014e7 elementor-section-boxed elementor-section-height-default elementor-section-height-default\" data-id=\"46014e7\" data-element_type=\"section\" data-e-type=\"section\" data-settings=\"{&quot;background_background&quot;:&quot;classic&quot;}\">\n\t\t\t\t\t\t<div class=\"elementor-container elementor-column-gap-no\">\n\t\t\t\t\t<div class=\"elementor-column elementor-col-100 elementor-inner-column elementor-element elementor-element-b6849dd\" data-id=\"b6849dd\" data-element_type=\"column\" data-e-type=\"column\" data-settings=\"{&quot;background_background&quot;:&quot;classic&quot;}\">\n\t\t\t<div class=\"elementor-widget-wrap elementor-element-populated\">\n\t\t\t\t\t\t<div class=\"elementor-element elementor-element-e889ba3 elementor-widget elementor-widget-heading\" data-id=\"e889ba3\" data-element_type=\"widget\" data-e-type=\"widget\" data-widget_type=\"heading.default\">\n\t\t\t\t<div class=\"elementor-widget-container\">\n\t\t\t\t\t<h3 class=\"elementor-heading-title elementor-size-default\">\u041f\u041e\u0416\u0410\u041b\u0423\u0419\u0421\u0422\u0410 \u0421\u0412\u042f\u0416\u0418\u0422\u0415\u0421\u042c \u0421 \u041d\u0410\u041c\u0418<\/h3>\t\t\t\t<\/div>\n\t\t\t\t<\/div>\n\t\t\t\t<div class=\"elementor-element elementor-element-e95ee56 elementor-widget elementor-widget-text-editor\" data-id=\"e95ee56\" data-element_type=\"widget\" data-e-type=\"widget\" data-widget_type=\"text-editor.default\">\n\t\t\t\t<div class=\"elementor-widget-container\">\n\t\t\t\t\t\t\t\t\t<p>\u041e\u0431\u0440\u0430\u0442\u0438\u0432\u0448\u0438\u0441\u044c \u043a \u043d\u0430\u043c, \u0432\u044b \u043f\u043e\u043b\u0443\u0447\u0438\u0442\u0435 \u0431\u0435\u0441\u043f\u043b\u0430\u0442\u043d\u0443\u044e \u043a\u043e\u043d\u0441\u0443\u043b\u044c\u0442\u0430\u0446\u0438\u044e \u043f\u043e \u0438\u043d\u0442\u0435\u0440\u0435\u0441\u0443\u044e\u0449\u0438\u043c \u0432\u0430\u0441 \u0432\u043e\u043f\u0440\u043e\u0441\u0430\u043c.<\/p>\t\t\t\t\t\t\t\t<\/div>\n\t\t\t\t<\/div>\n\t\t\t\t\t<\/div>\n\t\t<\/div>\n\t\t\t\t\t<\/div>\n\t\t<\/section>\n\t\t\t\t\t<\/div>\n\t\t<\/div>\n\t\t\t\t<div class=\"elementor-column elementor-col-50 elementor-top-column elementor-element elementor-element-5e741cb\" data-id=\"5e741cb\" data-element_type=\"column\" data-e-type=\"column\">\n\t\t\t<div class=\"elementor-widget-wrap elementor-element-populated\">\n\t\t\t\t\t\t<div class=\"elementor-element elementor-element-70c51b8 elementor-widget elementor-widget-heading\" data-id=\"70c51b8\" data-element_type=\"widget\" data-e-type=\"widget\" data-widget_type=\"heading.default\">\n\t\t\t\t<div class=\"elementor-widget-container\">\n\t\t\t\t\t<h5 class=\"elementor-heading-title elementor-size-default\">rekviz\u012bti<\/h5>\t\t\t\t<\/div>\n\t\t\t\t<\/div>\n\t\t\t\t<div class=\"elementor-element elementor-element-5e3414e elementor-widget elementor-widget-heading\" data-id=\"5e3414e\" data-element_type=\"widget\" data-e-type=\"widget\" data-widget_type=\"heading.default\">\n\t\t\t\t<div class=\"elementor-widget-container\">\n\t\t\t\t\t<h3 class=\"elementor-heading-title elementor-size-default\">pm plus rekviz\u012bti<\/h3>\t\t\t\t<\/div>\n\t\t\t\t<\/div>\n\t\t\t\t<div class=\"elementor-element elementor-element-fe6827a elementor-widget elementor-widget-text-editor\" data-id=\"fe6827a\" data-element_type=\"widget\" data-e-type=\"widget\" data-widget_type=\"text-editor.default\">\n\t\t\t\t<div class=\"elementor-widget-container\">\n\t\t\t\t\t\t\t\t\t<p>\u041c\u0430\u0441\u0442\u0435\u0440 \u043f\u043e \u0441\u0442\u0440\u043e\u0438\u0442\u0435\u043b\u044c\u0441\u0442\u0432\u0443 \u0444\u0443\u043d\u0434\u0430\u043c\u0435\u043d\u0442\u043e\u0432 SIA \u00abPM PLUS\u00bb \u2014 \u0441\u0442\u0440\u043e\u0438\u0442\u0435\u043b\u044c\u043d\u0430\u044f \u043a\u043e\u043c\u043f\u0430\u043d\u0438\u044f \u0441 \u0448\u0438\u0440\u043e\u043a\u0438\u043c \u0441\u043f\u0435\u043a\u0442\u0440\u043e\u043c \u043f\u0440\u0435\u0434\u043b\u043e\u0436\u0435\u043d\u0438\u0439, \u0437\u043d\u0430\u043d\u0438\u044f\u043c\u0438 \u0438 \u043c\u043d\u043e\u0433\u043e\u043b\u0435\u0442\u043d\u0438\u043c \u043e\u043f\u044b\u0442\u043e\u043c \u0432 \u0441\u0442\u0440\u043e\u0438\u0442\u0435\u043b\u044c\u0441\u0442\u0432\u0435, \u043f\u0440\u0435\u0434\u043e\u0441\u0442\u0430\u0432\u043b\u044f\u044e\u0449\u0430\u044f \u0432\u0441\u0435 \u0432\u0438\u0434\u044b \u0441\u0442\u0440\u043e\u0438\u0442\u0435\u043b\u044c\u0441\u0442\u0432\u0430 \u0444\u0443\u043d\u0434\u0430\u043c\u0435\u043d\u0442\u043e\u0432 \u0438 \u0434\u0440\u0443\u0433\u0438\u0435 \u0441\u0442\u0440\u043e\u0438\u0442\u0435\u043b\u044c\u043d\u044b\u0435 \u0440\u0430\u0431\u043e\u0442\u044b.<\/p><p><strong>\u0420\u0415\u0413. \u041d\u0415\u0422 .:<\/strong>\u00a040103863177<br \/><strong>\u042e\u0440. \u0410\u0414\u0420\u0415\u0421:<\/strong>\u00a0R\u012bga, Zvaigzn\u0101ja gatve 12-9, LV-1082<br \/><strong>\u0411\u0410\u041d\u041a:<\/strong>\u00a0A\/S SWEDBANK<br \/><strong>\u2116 \u0421\u0427\u0415\u0422\u0410:<\/strong>\u00a0LV06HABA0551039514702<\/p>\t\t\t\t\t\t\t\t<\/div>\n\t\t\t\t<\/div>\n\t\t\t\t\t<\/div>\n\t\t<\/div>\n\t\t\t\t\t<\/div>\n\t\t<\/section>\n\t\t\t\t<\/div>","protected":false},"excerpt":{"rendered":"<p>Rekviz\u012bti DRO\u0160I SAZINIETIES AR MUMS Sazinoties ar mums J\u016bs ieg\u016bsiet bezmaksas konsult\u0101ciju, par Jums vajadz\u012bgajiem jaut\u0101jumiem. rekviz\u012bti pm plus rekviz\u012bti Pamatu b\u016bvniec\u012bbas meistars SIA \u201cPM PLUS\u201d ir b\u016bvniec\u012bbas uz\u0146\u0113mums ar pla\u0161u pied\u0101v\u0101jumu kl\u0101stu, ekspert\u012bzi un ilgu gadu pieredzi b\u016bvniec\u012bb\u0101, nodro\u0161inot ar visa veida pamatu izb\u016bvi un citiem b\u016bvniec\u012bbas darbiem RE\u0122. NR.:\u00a040103863177JUR. ADRESE:\u00a0R\u012bga, Zvaigzn\u0101ja gatve 12-9, [&hellip;]<\/p>","protected":false},"author":1,"featured_media":0,"parent":616,"menu_order":0,"comment_status":"closed","ping_status":"closed","template":"elementor_header_footer","meta":{"footnotes":""},"class_list":["post-617","page","type-page","status-publish","hentry"],"yoast_head":"<!-- This site is optimized with the Yoast SEO plugin v27.4 - https:\/\/yoast.com\/product\/yoast-seo-wordpress\/ -->\n<title>Rekviz\u012bti - PM PLUS SIA - SKR\u016aVP\u0100\u013bU PAMATI<\/title>\n<meta name=\"robots\" content=\"index, follow, max-snippet:-1, max-image-preview:large, max-video-preview:-1\" \/>\n<link rel=\"canonical\" href=\"https:\/\/pmplus.lv\/ru\/kontakti\/rekviziti\/\" \/>\n<meta property=\"og:locale\" content=\"ru_RU\" \/>\n<meta property=\"og:type\" content=\"article\" \/>\n<meta property=\"og:title\" content=\"Rekviz\u012bti - PM PLUS SIA - SKR\u016aVP\u0100\u013bU PAMATI\" \/>\n<meta property=\"og:description\" content=\"Rekviz\u012bti DRO\u0160I SAZINIETIES AR MUMS Sazinoties ar mums J\u016bs ieg\u016bsiet bezmaksas konsult\u0101ciju, par Jums vajadz\u012bgajiem jaut\u0101jumiem. rekviz\u012bti pm plus rekviz\u012bti Pamatu b\u016bvniec\u012bbas meistars SIA \u201cPM PLUS\u201d ir b\u016bvniec\u012bbas uz\u0146\u0113mums ar pla\u0161u pied\u0101v\u0101jumu kl\u0101stu, ekspert\u012bzi un ilgu gadu pieredzi b\u016bvniec\u012bb\u0101, nodro\u0161inot ar visa veida pamatu izb\u016bvi un citiem b\u016bvniec\u012bbas darbiem RE\u0122. NR.:\u00a040103863177JUR. ADRESE:\u00a0R\u012bga, Zvaigzn\u0101ja gatve 12-9, [&hellip;]\" \/>\n<meta property=\"og:url\" content=\"https:\/\/pmplus.lv\/ru\/kontakti\/rekviziti\/\" \/>\n<meta property=\"og:site_name\" content=\"PM PLUS SIA - SKR\u016aVP\u0100\u013bU PAMATI\" \/>\n<meta property=\"article:publisher\" content=\"https:\/\/www.facebook.com\/PMPLUS.LV\/\" \/>\n<meta property=\"article:modified_time\" content=\"2021-09-07T14:47:56+00:00\" \/>\n<meta property=\"og:image\" content=\"https:\/\/pmplus.lv\/wp-content\/uploads\/2021\/09\/projektu-vad.jpg\" \/>\n<meta name=\"twitter:card\" content=\"summary_large_image\" \/>\n<meta name=\"twitter:label1\" content=\"\u041f\u0440\u0438\u043c\u0435\u0440\u043d\u043e\u0435 \u0432\u0440\u0435\u043c\u044f \u0434\u043b\u044f \u0447\u0442\u0435\u043d\u0438\u044f\" \/>\n\t<meta name=\"twitter:data1\" content=\"1 \u043c\u0438\u043d\u0443\u0442\u0430\" \/>\n<script type=\"application\/ld+json\" class=\"yoast-schema-graph\">{\"@context\":\"https:\\\/\\\/schema.org\",\"@graph\":[{\"@type\":\"WebPage\",\"@id\":\"https:\\\/\\\/pmplus.lv\\\/kontakti\\\/rekviziti\\\/\",\"url\":\"https:\\\/\\\/pmplus.lv\\\/kontakti\\\/rekviziti\\\/\",\"name\":\"Rekviz\u012bti - PM PLUS SIA - SKR\u016aVP\u0100\u013bU PAMATI\",\"isPartOf\":{\"@id\":\"https:\\\/\\\/pmplus.lv\\\/#website\"},\"primaryImageOfPage\":{\"@id\":\"https:\\\/\\\/pmplus.lv\\\/kontakti\\\/rekviziti\\\/#primaryimage\"},\"image\":{\"@id\":\"https:\\\/\\\/pmplus.lv\\\/kontakti\\\/rekviziti\\\/#primaryimage\"},\"thumbnailUrl\":\"https:\\\/\\\/pmplus.lv\\\/wp-content\\\/uploads\\\/2021\\\/09\\\/projektu-vad.jpg\",\"datePublished\":\"2021-09-07T10:59:33+00:00\",\"dateModified\":\"2021-09-07T14:47:56+00:00\",\"breadcrumb\":{\"@id\":\"https:\\\/\\\/pmplus.lv\\\/kontakti\\\/rekviziti\\\/#breadcrumb\"},\"inLanguage\":\"ru-RU\",\"potentialAction\":[{\"@type\":\"ReadAction\",\"target\":[\"https:\\\/\\\/pmplus.lv\\\/kontakti\\\/rekviziti\\\/\"]}]},{\"@type\":\"ImageObject\",\"inLanguage\":\"ru-RU\",\"@id\":\"https:\\\/\\\/pmplus.lv\\\/kontakti\\\/rekviziti\\\/#primaryimage\",\"url\":\"https:\\\/\\\/pmplus.lv\\\/wp-content\\\/uploads\\\/2021\\\/09\\\/projektu-vad.jpg\",\"contentUrl\":\"https:\\\/\\\/pmplus.lv\\\/wp-content\\\/uploads\\\/2021\\\/09\\\/projektu-vad.jpg\"},{\"@type\":\"BreadcrumbList\",\"@id\":\"https:\\\/\\\/pmplus.lv\\\/kontakti\\\/rekviziti\\\/#breadcrumb\",\"itemListElement\":[{\"@type\":\"ListItem\",\"position\":1,\"name\":\"Home\",\"item\":\"https:\\\/\\\/pmplus.lv\\\/\"},{\"@type\":\"ListItem\",\"position\":2,\"name\":\"Kontakti\",\"item\":\"https:\\\/\\\/pmplus.lv\\\/kontakti\\\/\"},{\"@type\":\"ListItem\",\"position\":3,\"name\":\"Rekviz\u012bti\"}]},{\"@type\":\"WebSite\",\"@id\":\"https:\\\/\\\/pmplus.lv\\\/#website\",\"url\":\"https:\\\/\\\/pmplus.lv\\\/\",\"name\":\"PMPLUS.LV | Skr\u016bvp\u0101\u013ci | Skr\u016bvp\u0101\u013cu pamati | P\u0101\u013ci | Siltas m\u0101jas\",\"description\":\"Stabils un \u0101trs skr\u016bvp\u0101\u013cu pamats\",\"publisher\":{\"@id\":\"https:\\\/\\\/pmplus.lv\\\/#organization\"},\"potentialAction\":[{\"@type\":\"SearchAction\",\"target\":{\"@type\":\"EntryPoint\",\"urlTemplate\":\"https:\\\/\\\/pmplus.lv\\\/?s={search_term_string}\"},\"query-input\":{\"@type\":\"PropertyValueSpecification\",\"valueRequired\":true,\"valueName\":\"search_term_string\"}}],\"inLanguage\":\"ru-RU\"},{\"@type\":\"Organization\",\"@id\":\"https:\\\/\\\/pmplus.lv\\\/#organization\",\"name\":\"PMPLUS.LV | Skr\u016bvp\u0101\u013ci | Skr\u016bvp\u0101\u013cu pamati | P\u0101\u013ci | Siltas m\u0101jas\",\"url\":\"https:\\\/\\\/pmplus.lv\\\/\",\"logo\":{\"@type\":\"ImageObject\",\"inLanguage\":\"ru-RU\",\"@id\":\"https:\\\/\\\/pmplus.lv\\\/#\\\/schema\\\/logo\\\/image\\\/\",\"url\":\"https:\\\/\\\/pmplus.lv\\\/wp-content\\\/uploads\\\/2020\\\/12\\\/pmlogo.png\",\"contentUrl\":\"https:\\\/\\\/pmplus.lv\\\/wp-content\\\/uploads\\\/2020\\\/12\\\/pmlogo.png\",\"width\":423,\"height\":106,\"caption\":\"PMPLUS.LV | Skr\u016bvp\u0101\u013ci | Skr\u016bvp\u0101\u013cu pamati | P\u0101\u013ci | Siltas m\u0101jas\"},\"image\":{\"@id\":\"https:\\\/\\\/pmplus.lv\\\/#\\\/schema\\\/logo\\\/image\\\/\"},\"sameAs\":[\"https:\\\/\\\/www.facebook.com\\\/PMPLUS.LV\\\/\",\"https:\\\/\\\/www.youtube.com\\\/channel\\\/UCr9lHTTRGEi4zpVqYBeDGaw\"]}]}<\/script>\n<!-- \/ Yoast SEO plugin. -->","yoast_head_json":{"title":"Rekviz\u012bti - PM PLUS SIA - SKR\u016aVP\u0100\u013bU PAMATI","robots":{"index":"index","follow":"follow","max-snippet":"max-snippet:-1","max-image-preview":"max-image-preview:large","max-video-preview":"max-video-preview:-1"},"canonical":"https:\/\/pmplus.lv\/ru\/kontakti\/rekviziti\/","og_locale":"ru_RU","og_type":"article","og_title":"Rekviz\u012bti - PM PLUS SIA - SKR\u016aVP\u0100\u013bU PAMATI","og_description":"Rekviz\u012bti DRO\u0160I SAZINIETIES AR MUMS Sazinoties ar mums J\u016bs ieg\u016bsiet bezmaksas konsult\u0101ciju, par Jums vajadz\u012bgajiem jaut\u0101jumiem. rekviz\u012bti pm plus rekviz\u012bti Pamatu b\u016bvniec\u012bbas meistars SIA \u201cPM PLUS\u201d ir b\u016bvniec\u012bbas uz\u0146\u0113mums ar pla\u0161u pied\u0101v\u0101jumu kl\u0101stu, ekspert\u012bzi un ilgu gadu pieredzi b\u016bvniec\u012bb\u0101, nodro\u0161inot ar visa veida pamatu izb\u016bvi un citiem b\u016bvniec\u012bbas darbiem RE\u0122. NR.:\u00a040103863177JUR. ADRESE:\u00a0R\u012bga, Zvaigzn\u0101ja gatve 12-9, [&hellip;]","og_url":"https:\/\/pmplus.lv\/ru\/kontakti\/rekviziti\/","og_site_name":"PM PLUS SIA - SKR\u016aVP\u0100\u013bU PAMATI","article_publisher":"https:\/\/www.facebook.com\/PMPLUS.LV\/","article_modified_time":"2021-09-07T14:47:56+00:00","og_image":[{"url":"https:\/\/pmplus.lv\/wp-content\/uploads\/2021\/09\/projektu-vad.jpg","type":"","width":"","height":""}],"twitter_card":"summary_large_image","twitter_misc":{"\u041f\u0440\u0438\u043c\u0435\u0440\u043d\u043e\u0435 \u0432\u0440\u0435\u043c\u044f \u0434\u043b\u044f \u0447\u0442\u0435\u043d\u0438\u044f":"1 \u043c\u0438\u043d\u0443\u0442\u0430"},"schema":{"@context":"https:\/\/schema.org","@graph":[{"@type":"WebPage","@id":"https:\/\/pmplus.lv\/kontakti\/rekviziti\/","url":"https:\/\/pmplus.lv\/kontakti\/rekviziti\/","name":"Rekviz\u012bti - PM PLUS SIA - SKR\u016aVP\u0100\u013bU PAMATI","isPartOf":{"@id":"https:\/\/pmplus.lv\/#website"},"primaryImageOfPage":{"@id":"https:\/\/pmplus.lv\/kontakti\/rekviziti\/#primaryimage"},"image":{"@id":"https:\/\/pmplus.lv\/kontakti\/rekviziti\/#primaryimage"},"thumbnailUrl":"https:\/\/pmplus.lv\/wp-content\/uploads\/2021\/09\/projektu-vad.jpg","datePublished":"2021-09-07T10:59:33+00:00","dateModified":"2021-09-07T14:47:56+00:00","breadcrumb":{"@id":"https:\/\/pmplus.lv\/kontakti\/rekviziti\/#breadcrumb"},"inLanguage":"ru-RU","potentialAction":[{"@type":"ReadAction","target":["https:\/\/pmplus.lv\/kontakti\/rekviziti\/"]}]},{"@type":"ImageObject","inLanguage":"ru-RU","@id":"https:\/\/pmplus.lv\/kontakti\/rekviziti\/#primaryimage","url":"https:\/\/pmplus.lv\/wp-content\/uploads\/2021\/09\/projektu-vad.jpg","contentUrl":"https:\/\/pmplus.lv\/wp-content\/uploads\/2021\/09\/projektu-vad.jpg"},{"@type":"BreadcrumbList","@id":"https:\/\/pmplus.lv\/kontakti\/rekviziti\/#breadcrumb","itemListElement":[{"@type":"ListItem","position":1,"name":"Home","item":"https:\/\/pmplus.lv\/"},{"@type":"ListItem","position":2,"name":"Kontakti","item":"https:\/\/pmplus.lv\/kontakti\/"},{"@type":"ListItem","position":3,"name":"Rekviz\u012bti"}]},{"@type":"WebSite","@id":"https:\/\/pmplus.lv\/#website","url":"https:\/\/pmplus.lv\/","name":"PMPLUS.LV | Skr\u016bvp\u0101\u013ci | Skr\u016bvp\u0101\u013cu pamati | P\u0101\u013ci | Siltas m\u0101jas","description":"Stabils un \u0101trs skr\u016bvp\u0101\u013cu pamats","publisher":{"@id":"https:\/\/pmplus.lv\/#organization"},"potentialAction":[{"@type":"SearchAction","target":{"@type":"EntryPoint","urlTemplate":"https:\/\/pmplus.lv\/?s={search_term_string}"},"query-input":{"@type":"PropertyValueSpecification","valueRequired":true,"valueName":"search_term_string"}}],"inLanguage":"ru-RU"},{"@type":"Organization","@id":"https:\/\/pmplus.lv\/#organization","name":"PMPLUS.LV | Skr\u016bvp\u0101\u013ci | Skr\u016bvp\u0101\u013cu pamati | P\u0101\u013ci | Siltas m\u0101jas","url":"https:\/\/pmplus.lv\/","logo":{"@type":"ImageObject","inLanguage":"ru-RU","@id":"https:\/\/pmplus.lv\/#\/schema\/logo\/image\/","url":"https:\/\/pmplus.lv\/wp-content\/uploads\/2020\/12\/pmlogo.png","contentUrl":"https:\/\/pmplus.lv\/wp-content\/uploads\/2020\/12\/pmlogo.png","width":423,"height":106,"caption":"PMPLUS.LV | Skr\u016bvp\u0101\u013ci | Skr\u016bvp\u0101\u013cu pamati | P\u0101\u013ci | Siltas m\u0101jas"},"image":{"@id":"https:\/\/pmplus.lv\/#\/schema\/logo\/image\/"},"sameAs":["https:\/\/www.facebook.com\/PMPLUS.LV\/","https:\/\/www.youtube.com\/channel\/UCr9lHTTRGEi4zpVqYBeDGaw"]}]}},"_hostinger_reach_plugin_has_subscription_block":false,"_hostinger_reach_plugin_is_elementor":false,"_links":{"self":[{"href":"https:\/\/pmplus.lv\/ru\/wp-json\/wp\/v2\/pages\/617","targetHints":{"allow":["GET"]}}],"collection":[{"href":"https:\/\/pmplus.lv\/ru\/wp-json\/wp\/v2\/pages"}],"about":[{"href":"https:\/\/pmplus.lv\/ru\/wp-json\/wp\/v2\/types\/page"}],"author":[{"embeddable":true,"href":"https:\/\/pmplus.lv\/ru\/wp-json\/wp\/v2\/users\/1"}],"replies":[{"embeddable":true,"href":"https:\/\/pmplus.lv\/ru\/wp-json\/wp\/v2\/comments?post=617"}],"version-history":[{"count":4,"href":"https:\/\/pmplus.lv\/ru\/wp-json\/wp\/v2\/pages\/617\/revisions"}],"predecessor-version":[{"id":683,"href":"https:\/\/pmplus.lv\/ru\/wp-json\/wp\/v2\/pages\/617\/revisions\/683"}],"up":[{"embeddable":true,"href":"https:\/\/pmplus.lv\/ru\/wp-json\/wp\/v2\/pages\/616"}],"wp:attachment":[{"href":"https:\/\/pmplus.lv\/ru\/wp-json\/wp\/v2\/media?parent=617"}],"curies":[{"name":"wp","href":"https:\/\/api.w.org\/{rel}","templated":true}]}}