{"id":3,"date":"2020-12-26T12:12:35","date_gmt":"2020-12-26T10:12:35","guid":{"rendered":"https:\/\/pmplus.lv\/?page_id=3"},"modified":"2021-09-07T21:01:22","modified_gmt":"2021-09-07T19:01:22","slug":"privacy-policy","status":"publish","type":"page","link":"https:\/\/pmplus.lv\/ru\/privacy-policy\/","title":{"rendered":"\u041f\u043e\u043b\u0438\u0442\u0438\u043a\u0430 \u043a\u043e\u043d\u0444\u0438\u0434\u0435\u043d\u0446\u0438\u0430\u043b\u044c\u043d\u043e\u0441\u0442\u0438"},"content":{"rendered":"<div data-elementor-type=\"wp-page\" data-elementor-id=\"3\" class=\"elementor elementor-3\" data-elementor-post-type=\"page\">\n\t\t\t\t\t\t<section class=\"elementor-section elementor-top-section elementor-element elementor-element-1ece760e elementor-section-height-min-height elementor-section-boxed elementor-section-height-default elementor-section-items-middle\" data-id=\"1ece760e\" data-element_type=\"section\" data-e-type=\"section\" data-settings=\"{&quot;background_background&quot;:&quot;classic&quot;}\">\n\t\t\t\t\t\t\t<div class=\"elementor-background-overlay\"><\/div>\n\t\t\t\t\t\t\t<div class=\"elementor-container elementor-column-gap-default\">\n\t\t\t\t\t<div class=\"elementor-column elementor-col-100 elementor-top-column elementor-element elementor-element-5373ea7c\" data-id=\"5373ea7c\" data-element_type=\"column\" data-e-type=\"column\">\n\t\t\t<div class=\"elementor-widget-wrap elementor-element-populated\">\n\t\t\t\t\t\t<div class=\"elementor-element elementor-element-0c3afab elementor-widget elementor-widget-heading\" data-id=\"0c3afab\" data-element_type=\"widget\" data-e-type=\"widget\" data-widget_type=\"heading.default\">\n\t\t\t\t<div class=\"elementor-widget-container\">\n\t\t\t\t\t<h2 class=\"elementor-heading-title elementor-size-default\">\u041f\u043e\u043b\u0438\u0442\u0438\u043a\u0430 \u043a\u043e\u043d\u0444\u0438\u0434\u0435\u043d\u0446\u0438\u0430\u043b\u044c\u043d\u043e\u0441\u0442\u0438<\/h2>\t\t\t\t<\/div>\n\t\t\t\t<\/div>\n\t\t\t\t<div class=\"elementor-element elementor-element-447587a1 elementor-widget elementor-widget-text-editor\" data-id=\"447587a1\" data-element_type=\"widget\" data-e-type=\"widget\" data-widget_type=\"text-editor.default\">\n\t\t\t\t<div class=\"elementor-widget-container\">\n\t\t\t\t\t\t\t\t\t\n<div class=\"elementor-element elementor-element-0d1d062 elementor-widget elementor-widget-heading\" data-id=\"0d1d062\" data-element_type=\"widget\" data-widget_type=\"heading.default\">\n<div class=\"elementor-widget-container\">\n<h2 class=\"elementor-heading-title elementor-size-default wp-block-heading\">\u00a0<\/h2>\n<\/div>\n<\/div>\n<div class=\"elementor-element elementor-element-17751b99 elementor-widget elementor-widget-text-editor\" data-id=\"17751b99\" data-element_type=\"widget\" data-widget_type=\"text-editor.default\">\n<div class=\"elementor-widget-container\">\n<div class=\"elementor-text-editor elementor-clearfix\">\n<p>\u042d\u0442\u043e\u0442 \u0432\u0435\u0431-\u0441\u0430\u0439\u0442 \u043f\u0440\u0438\u043d\u0430\u0434\u043b\u0435\u0436\u0438\u0442 \u0438 \u0443\u043f\u0440\u0430\u0432\u043b\u044f\u0435\u0442\u0441\u044f SIA \u00abPM Plus\u00bb, \u0440\u0435\u0433\u0438\u0441\u0442\u0440\u0430\u0446\u0438\u043e\u043d\u043d\u044b\u0439 \u043d\u043e\u043c\u0435\u0440: 40103863177, \u044e\u0440\u0438\u0434\u0438\u0447\u0435\u0441\u043a\u0438\u0439 \u0430\u0434\u0440\u0435\u0441 \u0420\u0438\u0433\u0430, \u0417\u0432\u0430\u0439\u0433\u0437\u043d\u0430\u044f \u0433\u0430\u0442\u0432\u0435 12-9, LV-1082, \u041b\u0430\u0442\u0432\u0438\u044f (\u0434\u0430\u043b\u0435\u0435 \u2014 PM Plus \u0438\u043b\u0438 \u041c\u044b).<\/p>\n<p>\u041c\u044b \u0441\u043e\u0431\u0438\u0440\u0430\u0435\u043c \u0438 \u043e\u0431\u0440\u0430\u0431\u0430\u0442\u044b\u0432\u0430\u0435\u043c \u0434\u0430\u043d\u043d\u044b\u0435, \u0447\u0442\u043e\u0431\u044b \u0443\u0437\u043d\u0430\u0442\u044c \u043e\u0431 \u043e\u043f\u044b\u0442\u0435 \u043f\u043e\u043b\u044c\u0437\u043e\u0432\u0430\u0442\u0435\u043b\u0435\u0439 \u043d\u0430 \u043d\u0430\u0448\u0435\u043c \u0432\u0435\u0431-\u0441\u0430\u0439\u0442\u0435 \u0438 \u043f\u043e\u043d\u044f\u0442\u044c, \u043a\u0430\u043a\u0438\u0435 \u0434\u0430\u043d\u043d\u044b\u0435 \u0432\u0430\u0436\u043d\u044b \u0434\u043b\u044f \u0432\u0430\u0441. \u042d\u0442\u043e \u043f\u043e\u043c\u043e\u0433\u0430\u0435\u0442 \u0443\u043b\u0443\u0447\u0448\u0438\u0442\u044c \u043a\u0430\u043a \u043a\u0430\u0447\u0435\u0441\u0442\u0432\u043e \u0443\u0441\u043b\u0443\u0433, \u0442\u0430\u043a \u0438 \u0444\u0443\u043d\u043a\u0446\u0438\u043e\u043d\u0430\u043b\u044c\u043d\u043e\u0441\u0442\u044c \u0432\u0435\u0431-\u0441\u0430\u0439\u0442\u0430, \u0430 \u0442\u0430\u043a\u0436\u0435 \u043f\u0440\u0435\u0434\u043b\u043e\u0436\u0438\u0442\u044c \u0432\u0430\u043c \u0438\u043d\u0442\u0435\u0440\u0435\u0441\u0443\u044e\u0449\u0438\u0435 \u0432\u0430\u0441 \u0442\u0435\u043c\u044b \u0432 \u0441\u043e\u0446\u0438\u0430\u043b\u044c\u043d\u044b\u0445 \u0441\u0435\u0442\u044f\u0445.<\/p>\n<p>\u041c\u044b \u0441\u043e\u0431\u0438\u0440\u0430\u0435\u043c, \u0445\u0440\u0430\u043d\u0438\u043c \u0438 \u043a\u043e\u043c\u043f\u0438\u043b\u0438\u0440\u0443\u0435\u043c \u0441\u043b\u0435\u0434\u0443\u044e\u0449\u0438\u0435 \u0434\u0430\u043d\u043d\u044b\u0435:<\/p>\n<p>\u0414\u0430\u043d\u043d\u044b\u0435 \u0432\u0430\u0448\u0435\u0433\u043e \u043a\u043e\u043c\u043f\u044c\u044e\u0442\u0435\u0440\u0430 \u0438 \u0434\u0430\u043d\u043d\u044b\u0435 \u043e \u0432\u0430\u0448\u0438\u0445 \u043f\u043e\u0441\u0435\u0449\u0435\u043d\u0438\u044f\u0445 \u0438 \u0438\u0441\u043f\u043e\u043b\u044c\u0437\u043e\u0432\u0430\u043d\u0438\u0438 \u044d\u0442\u043e\u0433\u043e \u0441\u0430\u0439\u0442\u0430 (\u0432\u043a\u043b\u044e\u0447\u0430\u044f \u0432\u0430\u0448 IP-\u0430\u0434\u0440\u0435\u0441, \u0433\u0435\u043e\u0433\u0440\u0430\u0444\u0438\u0447\u0435\u0441\u043a\u043e\u0435 \u043f\u043e\u043b\u043e\u0436\u0435\u043d\u0438\u0435, \u0442\u0438\u043f \u0438 \u0432\u0435\u0440\u0441\u0438\u044e \u0431\u0440\u0430\u0443\u0437\u0435\u0440\u0430, \u043e\u043f\u0435\u0440\u0430\u0446\u0438\u043e\u043d\u043d\u0443\u044e \u0441\u0438\u0441\u0442\u0435\u043c\u0443, \u0432\u0440\u0435\u043c\u044f \u043f\u043e\u0441\u0435\u0449\u0435\u043d\u0438\u044f, \u043f\u0440\u043e\u0441\u043c\u043e\u0442\u0440\u044b \u0441\u0442\u0440\u0430\u043d\u0438\u0446 \u0438 \u043d\u0430\u0432\u0438\u0433\u0430\u0446\u0438\u044e \u043f\u043e \u0441\u0430\u0439\u0442\u0443) \u0434\u043b\u044f \u0441\u0431\u043e\u0440\u0430 \u0438 \u0443\u043b\u0443\u0447\u0448\u0435\u043d\u0438\u044f \u0432\u0430\u0448\u0435\u0433\u043e \u043f\u043e\u043b\u044c\u0437\u043e\u0432\u0430\u0442\u0435\u043b\u044c\u0441\u043a\u043e\u0433\u043e \u043e\u043f\u044b\u0442\u0430;<\/p>\n<p>\u0414\u0430\u043d\u043d\u044b\u0435, \u043a\u043e\u0442\u043e\u0440\u044b\u0435 \u0432\u044b \u043f\u0440\u0435\u0434\u043e\u0441\u0442\u0430\u0432\u043b\u044f\u0435\u0442\u0435 \u043d\u0430\u043c \u0441 \u0443\u0432\u0435\u0434\u043e\u043c\u043b\u0435\u043d\u0438\u044f\u043c\u0438 \u043f\u043e \u044d\u043b\u0435\u043a\u0442\u0440\u043e\u043d\u043d\u043e\u0439 \u043f\u043e\u0447\u0442\u0435 \u0438 \u0438\u043d\u0444\u043e\u0440\u043c\u0430\u0446\u0438\u043e\u043d\u043d\u044b\u043c\u0438 \u0431\u044e\u043b\u043b\u0435\u0442\u0435\u043d\u044f\u043c\u0438;<\/p>\n<p>\u041b\u044e\u0431\u0430\u044f \u0434\u0440\u0443\u0433\u0430\u044f \u0438\u043d\u0444\u043e\u0440\u043c\u0430\u0446\u0438\u044f, \u043a\u043e\u0442\u043e\u0440\u0443\u044e \u0432\u044b \u0440\u0435\u0448\u0438\u0442\u0435 \u043f\u0440\u0435\u0434\u043e\u0441\u0442\u0430\u0432\u0438\u0442\u044c \u043d\u0430\u043c.<\/p>\n<p>\u041c\u044b \u043d\u0435 \u043f\u0435\u0440\u0435\u0434\u0430\u0435\u043c \u0432\u0430\u0448\u0438 \u043b\u0438\u0447\u043d\u044b\u0435 \u0434\u0430\u043d\u043d\u044b\u0435 \u0442\u0440\u0435\u0442\u044c\u0438\u043c \u043b\u0438\u0446\u0430\u043c, \u043d\u0435 \u043f\u0440\u043e\u0434\u0430\u0435\u043c \u0438 \u043d\u0435 \u0441\u0434\u0430\u0435\u043c \u0432 \u0430\u0440\u0435\u043d\u0434\u0443 \u0434\u043b\u044f \u043b\u044e\u0431\u044b\u0445 \u0434\u0440\u0443\u0433\u0438\u0445 \u0446\u0435\u043b\u0435\u0439 \u0431\u0435\u0437 \u0432\u0430\u0448\u0435\u0433\u043e \u0440\u0430\u0437\u0440\u0435\u0448\u0435\u043d\u0438\u044f. \u0422\u0435\u043c \u043d\u0435 \u043c\u0435\u043d\u0435\u0435, \u043c\u044b \u043e\u0441\u0442\u0430\u0432\u043b\u044f\u0435\u043c \u0437\u0430 \u0441\u043e\u0431\u043e\u0439 \u043f\u0440\u0430\u0432\u043e \u0440\u0430\u0441\u043a\u0440\u044b\u0432\u0430\u0442\u044c \u0438\u043d\u0444\u043e\u0440\u043c\u0430\u0446\u0438\u044e \u043e \u0432\u0430\u0441, \u0435\u0441\u043b\u0438 \u044d\u0442\u043e \u0442\u0440\u0435\u0431\u0443\u0435\u0442\u0441\u044f \u043f\u043e \u0437\u0430\u043a\u043e\u043d\u0443 \u0438\u043b\u0438 \u043f\u043e \u0442\u0440\u0435\u0431\u043e\u0432\u0430\u043d\u0438\u044e \u0437\u0430\u043a\u043e\u043d\u043d\u044b\u0445 \u0433\u043e\u0441\u0443\u0434\u0430\u0440\u0441\u0442\u0432\u0435\u043d\u043d\u044b\u0445 \u043e\u0440\u0433\u0430\u043d\u043e\u0432 \u0438\u043b\u0438 \u043f\u0440\u0430\u0432\u043e\u043e\u0445\u0440\u0430\u043d\u0438\u0442\u0435\u043b\u044c\u043d\u044b\u0445 \u043e\u0440\u0433\u0430\u043d\u043e\u0432.<\/p>\n<p>\u0424\u0430\u0439\u043b\u044b cookie, \u0438\u0441\u043f\u043e\u043b\u044c\u0437\u0443\u0435\u043c\u044b\u0435 PM Plus:<\/p>\n<p>\u041f\u0440\u043e\u0438\u0437\u0432\u043e\u0434\u0438\u0442\u0435\u043b\u044c\u043d\u044b\u0435, \u0442\u0435\u0445\u043d\u0438\u0447\u0435\u0441\u043a\u0438\u0435, \u0444\u0443\u043d\u043a\u0446\u0438\u043e\u043d\u0430\u043b\u044c\u043d\u044b\u0435 \u0438 \u0430\u043d\u0430\u043b\u0438\u0442\u0438\u0447\u0435\u0441\u043a\u0438\u0435 \u0444\u0430\u0439\u043b\u044b cookie \u2014 \u043c\u044b \u0438\u0441\u043f\u043e\u043b\u044c\u0437\u0443\u0435\u043c \u0438\u0445 \u0434\u043b\u044f \u0445\u0440\u0430\u043d\u0435\u043d\u0438\u044f, \u0441\u0431\u043e\u0440\u0430 \u0438 \u0430\u043d\u0430\u043b\u0438\u0437\u0430 \u0438\u043d\u0444\u043e\u0440\u043c\u0430\u0446\u0438\u0438 \u043e \u0432\u0430\u0448\u0435\u043c \u043e\u043f\u044b\u0442\u0435 \u043d\u0430 \u043d\u0430\u0448\u0435\u043c \u0432\u0435\u0431-\u0441\u0430\u0439\u0442\u0435 \u2014 \u043f\u0440\u043e\u0441\u043c\u043e\u0442\u0440\u0435\u043d\u043d\u044b\u0445 \u0441\u0442\u0440\u0430\u043d\u0438\u0446\u0430\u0445, \u0437\u0430\u0442\u0440\u0430\u0447\u0435\u043d\u043d\u043e\u043c \u0432\u0440\u0435\u043c\u0435\u043d\u0438, \u0442\u0435\u043f\u043b\u043e\u0432\u044b\u0445 \u043a\u0430\u0440\u0442\u0430\u0445, \u0444\u0443\u043d\u043a\u0446\u0438\u043e\u043d\u0430\u043b\u044c\u043d\u043e\u0441\u0442\u0438, \u0431\u0435\u0437\u043e\u043f\u0430\u0441\u043d\u043e\u0441\u0442\u0438 \u0438 \u0442. \u0434. (Google Analytics, HotJar \u0438 \u0434\u0440.);<\/p>\n<p>\u0426\u0435\u043b\u0435\u0432\u044b\u0435 \u0444\u0430\u0439\u043b\u044b cookie (\u0441\u0442\u043e\u0440\u043e\u043d\u043d\u0438\u0435 \u0444\u0430\u0439\u043b\u044b cookie) \u2014 \u043c\u044b \u0441\u043e\u0431\u0438\u0440\u0430\u0435\u043c \u0438\u0445, \u0447\u0442\u043e\u0431\u044b \u043e\u0446\u0435\u043d\u0438\u0442\u044c \u044d\u0444\u0444\u0435\u043a\u0442\u0438\u0432\u043d\u043e\u0441\u0442\u044c \u0432\u0430\u0448\u0435\u0439 \u0440\u0435\u043a\u043b\u0430\u043c\u044b \u0438 \u043f\u0440\u0435\u0434\u043b\u043e\u0436\u0438\u0442\u044c \u0432\u0430\u043c \u043b\u0443\u0447\u0448\u0438\u0435 \u043f\u0440\u0435\u0434\u043b\u043e\u0436\u0435\u043d\u0438\u044f.<\/p>\n<p>\u041c\u044b \u043d\u0435 \u043f\u0435\u0440\u0435\u0434\u0430\u0435\u043c \u0432\u0430\u0448\u0443 \u043b\u0438\u0447\u043d\u0443\u044e \u0438\u043d\u0444\u043e\u0440\u043c\u0430\u0446\u0438\u044e \u0442\u0440\u0435\u0442\u044c\u0438\u043c \u043b\u0438\u0446\u0430\u043c \u0432 \u0440\u0435\u043a\u043b\u0430\u043c\u043d\u044b\u0445 \u0446\u0435\u043b\u044f\u0445 \u0431\u0435\u0437 \u0432\u0430\u0448\u0435\u0433\u043e \u044f\u0432\u043d\u043e\u0433\u043e \u0441\u043e\u0433\u043b\u0430\u0441\u0438\u044f.<\/p>\n<hr class=\"wp-block-separator\" \/>\n<p>\u0415\u0441\u043b\u0438 \u0443 \u0432\u0430\u0441 \u0435\u0441\u0442\u044c \u043a\u0430\u043a\u0438\u0435-\u043b\u0438\u0431\u043e \u0432\u043e\u043f\u0440\u043e\u0441\u044b \u043e\u0431 \u044d\u0442\u043e\u0439 \u043f\u043e\u043b\u0438\u0442\u0438\u043a\u0435 \u043a\u043e\u043d\u0444\u0438\u0434\u0435\u043d\u0446\u0438\u0430\u043b\u044c\u043d\u043e\u0441\u0442\u0438 \u0438\u043b\u0438 \u043e\u0431\u0440\u0430\u0431\u043e\u0442\u043a\u0435 \u043b\u0438\u0447\u043d\u043e\u0439 \u0438\u043d\u0444\u043e\u0440\u043c\u0430\u0446\u0438\u0438, \u043f\u0438\u0448\u0438\u0442\u0435 \u043d\u0430 \u0430\u0434\u0440\u0435\u0441 \u044d\u043b\u0435\u043a\u0442\u0440\u043e\u043d\u043d\u043e\u0439 \u043f\u043e\u0447\u0442\u044b info@PMPlus.lv<\/p>\n<\/div>\n<\/div>\n<\/div>\n\t\t\t\t\t\t\t\t<\/div>\n\t\t\t\t<\/div>\n\t\t\t\t\t<\/div>\n\t\t<\/div>\n\t\t\t\t\t<\/div>\n\t\t<\/section>\n\t\t\t\t<\/div>","protected":false},"excerpt":{"rendered":"<p>Priv\u0101tuma politika \u00a0 \u0160\u012b m\u0101jaslapa pieder un to uztur SIA \u201cPM Plus \u201d, re\u0123istr\u0101cijas numurs: 40103863177, juridisk\u0101 adrese R\u012bga, Zvaigzn\u0101ja gatve 12-9, LV-1082, Latvija (turpm\u0101k \u2013 PM Plus vai M\u0113s). M\u0113s iev\u0101cam un apstr\u0101d\u0101jam datus, lai uzzin\u0101tu par lietot\u0101ju pieredzi m\u016bsu m\u0101jaslap\u0101 un izprastu, k\u0101di dati Jums ir svar\u012bgi. Tas pal\u012bdz uzlabot k\u0101 pakalpojumu kvalit\u0101ti, [&hellip;]<\/p>","protected":false},"author":1,"featured_media":0,"parent":0,"menu_order":0,"comment_status":"closed","ping_status":"closed","template":"elementor_header_footer","meta":{"footnotes":""},"class_list":["post-3","page","type-page","status-publish","hentry"],"yoast_head":"<!-- This site is optimized with the Yoast SEO plugin v27.4 - https:\/\/yoast.com\/product\/yoast-seo-wordpress\/ -->\n<title>Priv\u0101tuma politika - PM PLUS SIA - SKR\u016aVP\u0100\u013bU PAMATI<\/title>\n<meta name=\"robots\" content=\"noindex, nofollow\" \/>\n<meta property=\"og:locale\" content=\"ru_RU\" \/>\n<meta property=\"og:type\" content=\"article\" \/>\n<meta property=\"og:title\" content=\"Priv\u0101tuma politika - PM PLUS SIA - SKR\u016aVP\u0100\u013bU PAMATI\" \/>\n<meta property=\"og:description\" content=\"Priv\u0101tuma politika \u00a0 \u0160\u012b m\u0101jaslapa pieder un to uztur SIA \u201cPM Plus \u201d, re\u0123istr\u0101cijas numurs: 40103863177, juridisk\u0101 adrese R\u012bga, Zvaigzn\u0101ja gatve 12-9, LV-1082, Latvija (turpm\u0101k \u2013 PM Plus vai M\u0113s). M\u0113s iev\u0101cam un apstr\u0101d\u0101jam datus, lai uzzin\u0101tu par lietot\u0101ju pieredzi m\u016bsu m\u0101jaslap\u0101 un izprastu, k\u0101di dati Jums ir svar\u012bgi. Tas pal\u012bdz uzlabot k\u0101 pakalpojumu kvalit\u0101ti, [&hellip;]\" \/>\n<meta property=\"og:url\" content=\"https:\/\/pmplus.lv\/ru\/privacy-policy\/\" \/>\n<meta property=\"og:site_name\" content=\"PM PLUS SIA - SKR\u016aVP\u0100\u013bU PAMATI\" \/>\n<meta property=\"article:publisher\" content=\"https:\/\/www.facebook.com\/PMPLUS.LV\/\" \/>\n<meta property=\"article:modified_time\" content=\"2021-09-07T19:01:22+00:00\" \/>\n<meta property=\"og:image\" content=\"https:\/\/pmplus.lv\/wp-content\/uploads\/2020\/12\/Copy-of-Copy-of-PM-PLUS-LUMEN-5-CTA.png\" \/>\n\t<meta property=\"og:image:width\" content=\"1080\" \/>\n\t<meta property=\"og:image:height\" content=\"1080\" \/>\n\t<meta property=\"og:image:type\" content=\"image\/png\" \/>\n<meta name=\"twitter:card\" content=\"summary_large_image\" \/>\n<meta name=\"twitter:label1\" content=\"\u041f\u0440\u0438\u043c\u0435\u0440\u043d\u043e\u0435 \u0432\u0440\u0435\u043c\u044f \u0434\u043b\u044f \u0447\u0442\u0435\u043d\u0438\u044f\" \/>\n\t<meta name=\"twitter:data1\" content=\"3 \u043c\u0438\u043d\u0443\u0442\u044b\" \/>\n<script type=\"application\/ld+json\" class=\"yoast-schema-graph\">{\"@context\":\"https:\\\/\\\/schema.org\",\"@graph\":[{\"@type\":\"WebPage\",\"@id\":\"https:\\\/\\\/pmplus.lv\\\/privacy-policy\\\/\",\"url\":\"https:\\\/\\\/pmplus.lv\\\/privacy-policy\\\/\",\"name\":\"Priv\u0101tuma politika - PM PLUS SIA - SKR\u016aVP\u0100\u013bU PAMATI\",\"isPartOf\":{\"@id\":\"https:\\\/\\\/pmplus.lv\\\/#website\"},\"datePublished\":\"2020-12-26T10:12:35+00:00\",\"dateModified\":\"2021-09-07T19:01:22+00:00\",\"breadcrumb\":{\"@id\":\"https:\\\/\\\/pmplus.lv\\\/privacy-policy\\\/#breadcrumb\"},\"inLanguage\":\"ru-RU\",\"potentialAction\":[{\"@type\":\"ReadAction\",\"target\":[\"https:\\\/\\\/pmplus.lv\\\/privacy-policy\\\/\"]}]},{\"@type\":\"BreadcrumbList\",\"@id\":\"https:\\\/\\\/pmplus.lv\\\/privacy-policy\\\/#breadcrumb\",\"itemListElement\":[{\"@type\":\"ListItem\",\"position\":1,\"name\":\"Home\",\"item\":\"https:\\\/\\\/pmplus.lv\\\/\"},{\"@type\":\"ListItem\",\"position\":2,\"name\":\"Priv\u0101tuma politika\"}]},{\"@type\":\"WebSite\",\"@id\":\"https:\\\/\\\/pmplus.lv\\\/#website\",\"url\":\"https:\\\/\\\/pmplus.lv\\\/\",\"name\":\"PMPLUS.LV | Skr\u016bvp\u0101\u013ci | Skr\u016bvp\u0101\u013cu pamati | P\u0101\u013ci | Siltas m\u0101jas\",\"description\":\"Stabils un \u0101trs skr\u016bvp\u0101\u013cu pamats\",\"publisher\":{\"@id\":\"https:\\\/\\\/pmplus.lv\\\/#organization\"},\"potentialAction\":[{\"@type\":\"SearchAction\",\"target\":{\"@type\":\"EntryPoint\",\"urlTemplate\":\"https:\\\/\\\/pmplus.lv\\\/?s={search_term_string}\"},\"query-input\":{\"@type\":\"PropertyValueSpecification\",\"valueRequired\":true,\"valueName\":\"search_term_string\"}}],\"inLanguage\":\"ru-RU\"},{\"@type\":\"Organization\",\"@id\":\"https:\\\/\\\/pmplus.lv\\\/#organization\",\"name\":\"PMPLUS.LV | Skr\u016bvp\u0101\u013ci | Skr\u016bvp\u0101\u013cu pamati | P\u0101\u013ci | Siltas m\u0101jas\",\"url\":\"https:\\\/\\\/pmplus.lv\\\/\",\"logo\":{\"@type\":\"ImageObject\",\"inLanguage\":\"ru-RU\",\"@id\":\"https:\\\/\\\/pmplus.lv\\\/#\\\/schema\\\/logo\\\/image\\\/\",\"url\":\"https:\\\/\\\/pmplus.lv\\\/wp-content\\\/uploads\\\/2020\\\/12\\\/pmlogo.png\",\"contentUrl\":\"https:\\\/\\\/pmplus.lv\\\/wp-content\\\/uploads\\\/2020\\\/12\\\/pmlogo.png\",\"width\":423,\"height\":106,\"caption\":\"PMPLUS.LV | Skr\u016bvp\u0101\u013ci | Skr\u016bvp\u0101\u013cu pamati | P\u0101\u013ci | Siltas m\u0101jas\"},\"image\":{\"@id\":\"https:\\\/\\\/pmplus.lv\\\/#\\\/schema\\\/logo\\\/image\\\/\"},\"sameAs\":[\"https:\\\/\\\/www.facebook.com\\\/PMPLUS.LV\\\/\",\"https:\\\/\\\/www.youtube.com\\\/channel\\\/UCr9lHTTRGEi4zpVqYBeDGaw\"]}]}<\/script>\n<!-- \/ Yoast SEO plugin. -->","yoast_head_json":{"title":"Priv\u0101tuma politika - PM PLUS SIA - SKR\u016aVP\u0100\u013bU PAMATI","robots":{"index":"noindex","follow":"nofollow"},"og_locale":"ru_RU","og_type":"article","og_title":"Priv\u0101tuma politika - PM PLUS SIA - SKR\u016aVP\u0100\u013bU PAMATI","og_description":"Priv\u0101tuma politika \u00a0 \u0160\u012b m\u0101jaslapa pieder un to uztur SIA \u201cPM Plus \u201d, re\u0123istr\u0101cijas numurs: 40103863177, juridisk\u0101 adrese R\u012bga, Zvaigzn\u0101ja gatve 12-9, LV-1082, Latvija (turpm\u0101k \u2013 PM Plus vai M\u0113s). M\u0113s iev\u0101cam un apstr\u0101d\u0101jam datus, lai uzzin\u0101tu par lietot\u0101ju pieredzi m\u016bsu m\u0101jaslap\u0101 un izprastu, k\u0101di dati Jums ir svar\u012bgi. Tas pal\u012bdz uzlabot k\u0101 pakalpojumu kvalit\u0101ti, [&hellip;]","og_url":"https:\/\/pmplus.lv\/ru\/privacy-policy\/","og_site_name":"PM PLUS SIA - SKR\u016aVP\u0100\u013bU PAMATI","article_publisher":"https:\/\/www.facebook.com\/PMPLUS.LV\/","article_modified_time":"2021-09-07T19:01:22+00:00","og_image":[{"width":1080,"height":1080,"url":"https:\/\/pmplus.lv\/wp-content\/uploads\/2020\/12\/Copy-of-Copy-of-PM-PLUS-LUMEN-5-CTA.png","type":"image\/png"}],"twitter_card":"summary_large_image","twitter_misc":{"\u041f\u0440\u0438\u043c\u0435\u0440\u043d\u043e\u0435 \u0432\u0440\u0435\u043c\u044f \u0434\u043b\u044f \u0447\u0442\u0435\u043d\u0438\u044f":"3 \u043c\u0438\u043d\u0443\u0442\u044b"},"schema":{"@context":"https:\/\/schema.org","@graph":[{"@type":"WebPage","@id":"https:\/\/pmplus.lv\/privacy-policy\/","url":"https:\/\/pmplus.lv\/privacy-policy\/","name":"Priv\u0101tuma politika - PM PLUS SIA - SKR\u016aVP\u0100\u013bU PAMATI","isPartOf":{"@id":"https:\/\/pmplus.lv\/#website"},"datePublished":"2020-12-26T10:12:35+00:00","dateModified":"2021-09-07T19:01:22+00:00","breadcrumb":{"@id":"https:\/\/pmplus.lv\/privacy-policy\/#breadcrumb"},"inLanguage":"ru-RU","potentialAction":[{"@type":"ReadAction","target":["https:\/\/pmplus.lv\/privacy-policy\/"]}]},{"@type":"BreadcrumbList","@id":"https:\/\/pmplus.lv\/privacy-policy\/#breadcrumb","itemListElement":[{"@type":"ListItem","position":1,"name":"Home","item":"https:\/\/pmplus.lv\/"},{"@type":"ListItem","position":2,"name":"Priv\u0101tuma politika"}]},{"@type":"WebSite","@id":"https:\/\/pmplus.lv\/#website","url":"https:\/\/pmplus.lv\/","name":"PMPLUS.LV | Skr\u016bvp\u0101\u013ci | Skr\u016bvp\u0101\u013cu pamati | P\u0101\u013ci | Siltas m\u0101jas","description":"Stabils un \u0101trs skr\u016bvp\u0101\u013cu pamats","publisher":{"@id":"https:\/\/pmplus.lv\/#organization"},"potentialAction":[{"@type":"SearchAction","target":{"@type":"EntryPoint","urlTemplate":"https:\/\/pmplus.lv\/?s={search_term_string}"},"query-input":{"@type":"PropertyValueSpecification","valueRequired":true,"valueName":"search_term_string"}}],"inLanguage":"ru-RU"},{"@type":"Organization","@id":"https:\/\/pmplus.lv\/#organization","name":"PMPLUS.LV | Skr\u016bvp\u0101\u013ci | Skr\u016bvp\u0101\u013cu pamati | P\u0101\u013ci | Siltas m\u0101jas","url":"https:\/\/pmplus.lv\/","logo":{"@type":"ImageObject","inLanguage":"ru-RU","@id":"https:\/\/pmplus.lv\/#\/schema\/logo\/image\/","url":"https:\/\/pmplus.lv\/wp-content\/uploads\/2020\/12\/pmlogo.png","contentUrl":"https:\/\/pmplus.lv\/wp-content\/uploads\/2020\/12\/pmlogo.png","width":423,"height":106,"caption":"PMPLUS.LV | Skr\u016bvp\u0101\u013ci | Skr\u016bvp\u0101\u013cu pamati | P\u0101\u013ci | Siltas m\u0101jas"},"image":{"@id":"https:\/\/pmplus.lv\/#\/schema\/logo\/image\/"},"sameAs":["https:\/\/www.facebook.com\/PMPLUS.LV\/","https:\/\/www.youtube.com\/channel\/UCr9lHTTRGEi4zpVqYBeDGaw"]}]}},"_hostinger_reach_plugin_has_subscription_block":false,"_hostinger_reach_plugin_is_elementor":false,"_links":{"self":[{"href":"https:\/\/pmplus.lv\/ru\/wp-json\/wp\/v2\/pages\/3","targetHints":{"allow":["GET"]}}],"collection":[{"href":"https:\/\/pmplus.lv\/ru\/wp-json\/wp\/v2\/pages"}],"about":[{"href":"https:\/\/pmplus.lv\/ru\/wp-json\/wp\/v2\/types\/page"}],"author":[{"embeddable":true,"href":"https:\/\/pmplus.lv\/ru\/wp-json\/wp\/v2\/users\/1"}],"replies":[{"embeddable":true,"href":"https:\/\/pmplus.lv\/ru\/wp-json\/wp\/v2\/comments?post=3"}],"version-history":[{"count":5,"href":"https:\/\/pmplus.lv\/ru\/wp-json\/wp\/v2\/pages\/3\/revisions"}],"predecessor-version":[{"id":842,"href":"https:\/\/pmplus.lv\/ru\/wp-json\/wp\/v2\/pages\/3\/revisions\/842"}],"wp:attachment":[{"href":"https:\/\/pmplus.lv\/ru\/wp-json\/wp\/v2\/media?parent=3"}],"curies":[{"name":"wp","href":"https:\/\/api.w.org\/{rel}","templated":true}]}}